{"id":23,"date":"2016-05-24T17:53:29","date_gmt":"2016-05-24T15:53:29","guid":{"rendered":"http:\/\/marcfphoto.com\/?page_id=23"},"modified":"2024-01-23T19:53:34","modified_gmt":"2024-01-23T17:53:34","slug":"contact","status":"publish","type":"page","link":"https:\/\/marcfphoto.com\/?page_id=23","title":{"rendered":"About"},"content":{"rendered":"<p><div class=\"testimonial-container\"><h2><\/h2><span class=\"testimonials-details\"><\/span><div class=\"double-line\"><\/div><img decoding=\"async\" class=\"img-frame testimonial-img\" src=\"http:\/\/marcfphoto.com\/wp-content\/uploads\/2022\/05\/Marc.jpg\" \/><blockquote><p>Hello !<\/p>\n<p>Sculpter la lumi\u00e8re pour mettre en valeur une courbe, un visage, un corps, un mod\u00e8le.<\/p>\n<p>Que ce soit mode, beaut\u00e9, test d\u2019agence, artistique je recherche toujours de nouveaux projets \u00e0 partager .<\/p>\n<p>\u2665\u2665\u2665\u00a0 \u00e0 toutes celles et ceux avec qui j\u2019ai eu le plaisir de collaborer.<\/p>\n<p>Live in Paris, FRANCE<\/p>\n<p><a href=\"https:\/\/marcfphoto.com\/wp-content\/uploads\/2024\/01\/logo-marc.png\"><img decoding=\"async\" class=\"alignnone wp-image-561\" src=\"https:\/\/marcfphoto.com\/wp-content\/uploads\/2024\/01\/logo-marc-300x108.png\" alt=\"\" width=\"108\" height=\"39\" srcset=\"https:\/\/marcfphoto.com\/wp-content\/uploads\/2024\/01\/logo-marc-300x108.png 300w, https:\/\/marcfphoto.com\/wp-content\/uploads\/2024\/01\/logo-marc-1024x370.png 1024w, https:\/\/marcfphoto.com\/wp-content\/uploads\/2024\/01\/logo-marc-768x277.png 768w, https:\/\/marcfphoto.com\/wp-content\/uploads\/2024\/01\/logo-marc-1536x554.png 1536w, https:\/\/marcfphoto.com\/wp-content\/uploads\/2024\/01\/logo-marc-2048x739.png 2048w\" sizes=\"(max-width: 108px) 100vw, 108px\" \/><\/a><\/p>\n<p><\/p><\/blockquote><div class=\"clear\"><\/div><\/div>N&rsquo;h\u00e9sitez pas \u00e0 m&rsquo;envoyer un mail je vous r\u00e9pondrais dans le plus bref d\u00e9lai.<\/p>\n","protected":false},"excerpt":{"rendered":"<p>N&rsquo;h\u00e9sitez pas \u00e0 m&rsquo;envoyer un mail je vous r\u00e9pondrais dans le plus bref d\u00e9lai.<\/p>\n","protected":false},"author":2,"featured_media":0,"parent":0,"menu_order":0,"comment_status":"closed","ping_status":"closed","template":"template-contact.php","meta":{"footnotes":""},"class_list":["post-23","page","type-page","status-publish","hentry"],"yoast_head":"<!-- This site is optimized with the Yoast SEO plugin v27.4 - https:\/\/yoast.com\/product\/yoast-seo-wordpress\/ -->\n<title>About - Marcf Photography<\/title>\n<meta name=\"robots\" content=\"index, follow, max-snippet:-1, max-image-preview:large, max-video-preview:-1\" \/>\n<link rel=\"canonical\" href=\"https:\/\/marcfphoto.com\/?page_id=23\" \/>\n<meta property=\"og:locale\" content=\"fr_FR\" \/>\n<meta property=\"og:type\" content=\"article\" \/>\n<meta property=\"og:title\" content=\"About - Marcf Photography\" \/>\n<meta property=\"og:description\" content=\"N&rsquo;h\u00e9sitez pas \u00e0 m&rsquo;envoyer un mail je vous r\u00e9pondrais dans le plus bref d\u00e9lai.\" \/>\n<meta property=\"og:url\" content=\"https:\/\/marcfphoto.com\/?page_id=23\" \/>\n<meta property=\"og:site_name\" content=\"Marcf Photography\" \/>\n<meta property=\"article:modified_time\" content=\"2024-01-23T17:53:34+00:00\" \/>\n<meta property=\"og:image\" content=\"https:\/\/marcfphoto.com\/wp-content\/uploads\/2024\/01\/logo-marc-300x108.png\" \/>\n<meta name=\"twitter:label1\" content=\"Dur\u00e9e de lecture estim\u00e9e\" \/>\n\t<meta name=\"twitter:data1\" content=\"1 minute\" \/>\n<script type=\"application\/ld+json\" class=\"yoast-schema-graph\">{\"@context\":\"https:\\\/\\\/schema.org\",\"@graph\":[{\"@type\":\"WebPage\",\"@id\":\"https:\\\/\\\/marcfphoto.com\\\/?page_id=23\",\"url\":\"https:\\\/\\\/marcfphoto.com\\\/?page_id=23\",\"name\":\"About - Marcf Photography\",\"isPartOf\":{\"@id\":\"https:\\\/\\\/marcfphoto.com\\\/#website\"},\"primaryImageOfPage\":{\"@id\":\"https:\\\/\\\/marcfphoto.com\\\/?page_id=23#primaryimage\"},\"image\":{\"@id\":\"https:\\\/\\\/marcfphoto.com\\\/?page_id=23#primaryimage\"},\"thumbnailUrl\":\"https:\\\/\\\/marcfphoto.com\\\/wp-content\\\/uploads\\\/2024\\\/01\\\/logo-marc-300x108.png\",\"datePublished\":\"2016-05-24T15:53:29+00:00\",\"dateModified\":\"2024-01-23T17:53:34+00:00\",\"breadcrumb\":{\"@id\":\"https:\\\/\\\/marcfphoto.com\\\/?page_id=23#breadcrumb\"},\"inLanguage\":\"fr-FR\",\"potentialAction\":[{\"@type\":\"ReadAction\",\"target\":[\"https:\\\/\\\/marcfphoto.com\\\/?page_id=23\"]}]},{\"@type\":\"ImageObject\",\"inLanguage\":\"fr-FR\",\"@id\":\"https:\\\/\\\/marcfphoto.com\\\/?page_id=23#primaryimage\",\"url\":\"https:\\\/\\\/marcfphoto.com\\\/wp-content\\\/uploads\\\/2024\\\/01\\\/logo-marc.png\",\"contentUrl\":\"https:\\\/\\\/marcfphoto.com\\\/wp-content\\\/uploads\\\/2024\\\/01\\\/logo-marc.png\",\"width\":2175,\"height\":785},{\"@type\":\"BreadcrumbList\",\"@id\":\"https:\\\/\\\/marcfphoto.com\\\/?page_id=23#breadcrumb\",\"itemListElement\":[{\"@type\":\"ListItem\",\"position\":1,\"name\":\"Accueil\",\"item\":\"https:\\\/\\\/marcfphoto.com\\\/\"},{\"@type\":\"ListItem\",\"position\":2,\"name\":\"About\"}]},{\"@type\":\"WebSite\",\"@id\":\"https:\\\/\\\/marcfphoto.com\\\/#website\",\"url\":\"https:\\\/\\\/marcfphoto.com\\\/\",\"name\":\"Marcf Photography\",\"description\":\"Sculpter la lumi\u00e8re\",\"publisher\":{\"@id\":\"https:\\\/\\\/marcfphoto.com\\\/#\\\/schema\\\/person\\\/94d66953757b26e419ed2fe119d5e7a0\"},\"potentialAction\":[{\"@type\":\"SearchAction\",\"target\":{\"@type\":\"EntryPoint\",\"urlTemplate\":\"https:\\\/\\\/marcfphoto.com\\\/?s={search_term_string}\"},\"query-input\":{\"@type\":\"PropertyValueSpecification\",\"valueRequired\":true,\"valueName\":\"search_term_string\"}}],\"inLanguage\":\"fr-FR\"},{\"@type\":[\"Person\",\"Organization\"],\"@id\":\"https:\\\/\\\/marcfphoto.com\\\/#\\\/schema\\\/person\\\/94d66953757b26e419ed2fe119d5e7a0\",\"name\":\"marcf marcf\",\"image\":{\"@type\":\"ImageObject\",\"inLanguage\":\"fr-FR\",\"@id\":\"https:\\\/\\\/secure.gravatar.com\\\/avatar\\\/c3723edcd9af94be4cfb784728b0c6a624feb5e5972a64605e80e615c9643435?s=96&d=mm&r=g\",\"url\":\"https:\\\/\\\/secure.gravatar.com\\\/avatar\\\/c3723edcd9af94be4cfb784728b0c6a624feb5e5972a64605e80e615c9643435?s=96&d=mm&r=g\",\"contentUrl\":\"https:\\\/\\\/secure.gravatar.com\\\/avatar\\\/c3723edcd9af94be4cfb784728b0c6a624feb5e5972a64605e80e615c9643435?s=96&d=mm&r=g\",\"caption\":\"marcf marcf\"},\"logo\":{\"@id\":\"https:\\\/\\\/secure.gravatar.com\\\/avatar\\\/c3723edcd9af94be4cfb784728b0c6a624feb5e5972a64605e80e615c9643435?s=96&d=mm&r=g\"}}]}<\/script>\n<!-- \/ Yoast SEO plugin. -->","yoast_head_json":{"title":"About - Marcf Photography","robots":{"index":"index","follow":"follow","max-snippet":"max-snippet:-1","max-image-preview":"max-image-preview:large","max-video-preview":"max-video-preview:-1"},"canonical":"https:\/\/marcfphoto.com\/?page_id=23","og_locale":"fr_FR","og_type":"article","og_title":"About - Marcf Photography","og_description":"N&rsquo;h\u00e9sitez pas \u00e0 m&rsquo;envoyer un mail je vous r\u00e9pondrais dans le plus bref d\u00e9lai.","og_url":"https:\/\/marcfphoto.com\/?page_id=23","og_site_name":"Marcf Photography","article_modified_time":"2024-01-23T17:53:34+00:00","og_image":[{"url":"https:\/\/marcfphoto.com\/wp-content\/uploads\/2024\/01\/logo-marc-300x108.png","type":"","width":"","height":""}],"twitter_misc":{"Dur\u00e9e de lecture estim\u00e9e":"1 minute"},"schema":{"@context":"https:\/\/schema.org","@graph":[{"@type":"WebPage","@id":"https:\/\/marcfphoto.com\/?page_id=23","url":"https:\/\/marcfphoto.com\/?page_id=23","name":"About - Marcf Photography","isPartOf":{"@id":"https:\/\/marcfphoto.com\/#website"},"primaryImageOfPage":{"@id":"https:\/\/marcfphoto.com\/?page_id=23#primaryimage"},"image":{"@id":"https:\/\/marcfphoto.com\/?page_id=23#primaryimage"},"thumbnailUrl":"https:\/\/marcfphoto.com\/wp-content\/uploads\/2024\/01\/logo-marc-300x108.png","datePublished":"2016-05-24T15:53:29+00:00","dateModified":"2024-01-23T17:53:34+00:00","breadcrumb":{"@id":"https:\/\/marcfphoto.com\/?page_id=23#breadcrumb"},"inLanguage":"fr-FR","potentialAction":[{"@type":"ReadAction","target":["https:\/\/marcfphoto.com\/?page_id=23"]}]},{"@type":"ImageObject","inLanguage":"fr-FR","@id":"https:\/\/marcfphoto.com\/?page_id=23#primaryimage","url":"https:\/\/marcfphoto.com\/wp-content\/uploads\/2024\/01\/logo-marc.png","contentUrl":"https:\/\/marcfphoto.com\/wp-content\/uploads\/2024\/01\/logo-marc.png","width":2175,"height":785},{"@type":"BreadcrumbList","@id":"https:\/\/marcfphoto.com\/?page_id=23#breadcrumb","itemListElement":[{"@type":"ListItem","position":1,"name":"Accueil","item":"https:\/\/marcfphoto.com\/"},{"@type":"ListItem","position":2,"name":"About"}]},{"@type":"WebSite","@id":"https:\/\/marcfphoto.com\/#website","url":"https:\/\/marcfphoto.com\/","name":"Marcf Photography","description":"Sculpter la lumi\u00e8re","publisher":{"@id":"https:\/\/marcfphoto.com\/#\/schema\/person\/94d66953757b26e419ed2fe119d5e7a0"},"potentialAction":[{"@type":"SearchAction","target":{"@type":"EntryPoint","urlTemplate":"https:\/\/marcfphoto.com\/?s={search_term_string}"},"query-input":{"@type":"PropertyValueSpecification","valueRequired":true,"valueName":"search_term_string"}}],"inLanguage":"fr-FR"},{"@type":["Person","Organization"],"@id":"https:\/\/marcfphoto.com\/#\/schema\/person\/94d66953757b26e419ed2fe119d5e7a0","name":"marcf marcf","image":{"@type":"ImageObject","inLanguage":"fr-FR","@id":"https:\/\/secure.gravatar.com\/avatar\/c3723edcd9af94be4cfb784728b0c6a624feb5e5972a64605e80e615c9643435?s=96&d=mm&r=g","url":"https:\/\/secure.gravatar.com\/avatar\/c3723edcd9af94be4cfb784728b0c6a624feb5e5972a64605e80e615c9643435?s=96&d=mm&r=g","contentUrl":"https:\/\/secure.gravatar.com\/avatar\/c3723edcd9af94be4cfb784728b0c6a624feb5e5972a64605e80e615c9643435?s=96&d=mm&r=g","caption":"marcf marcf"},"logo":{"@id":"https:\/\/secure.gravatar.com\/avatar\/c3723edcd9af94be4cfb784728b0c6a624feb5e5972a64605e80e615c9643435?s=96&d=mm&r=g"}}]}},"_links":{"self":[{"href":"https:\/\/marcfphoto.com\/index.php?rest_route=\/wp\/v2\/pages\/23","targetHints":{"allow":["GET"]}}],"collection":[{"href":"https:\/\/marcfphoto.com\/index.php?rest_route=\/wp\/v2\/pages"}],"about":[{"href":"https:\/\/marcfphoto.com\/index.php?rest_route=\/wp\/v2\/types\/page"}],"author":[{"embeddable":true,"href":"https:\/\/marcfphoto.com\/index.php?rest_route=\/wp\/v2\/users\/2"}],"replies":[{"embeddable":true,"href":"https:\/\/marcfphoto.com\/index.php?rest_route=%2Fwp%2Fv2%2Fcomments&post=23"}],"version-history":[{"count":4,"href":"https:\/\/marcfphoto.com\/index.php?rest_route=\/wp\/v2\/pages\/23\/revisions"}],"predecessor-version":[{"id":392,"href":"https:\/\/marcfphoto.com\/index.php?rest_route=\/wp\/v2\/pages\/23\/revisions\/392"}],"wp:attachment":[{"href":"https:\/\/marcfphoto.com\/index.php?rest_route=%2Fwp%2Fv2%2Fmedia&parent=23"}],"curies":[{"name":"wp","href":"https:\/\/api.w.org\/{rel}","templated":true}]}}